{"id":4744,"date":"2021-05-14T15:14:48","date_gmt":"2021-05-14T13:14:48","guid":{"rendered":"https:\/\/www.hippoly.com\/?page_id=4744\/"},"modified":"2021-10-20T15:14:25","modified_gmt":"2021-10-20T13:14:25","slug":"uppgifter","status":"publish","type":"page","link":"https:\/\/www.hippoly.com\/sv\/support\/uppgifter\/","title":{"rendered":"H\u00e5ll ordning p\u00e5 uppgifter och att-g\u00f6ra"},"content":{"rendered":"","protected":false},"excerpt":{"rendered":"","protected":false},"author":2,"featured_media":0,"parent":4811,"menu_order":0,"comment_status":"closed","ping_status":"closed","template":"page-builder2.php","meta":{"footnotes":""},"class_list":["post-4744","page","type-page","status-publish","hentry"],"_links":{"self":[{"href":"https:\/\/www.hippoly.com\/sv\/wp-json\/wp\/v2\/pages\/4744","targetHints":{"allow":["GET"]}}],"collection":[{"href":"https:\/\/www.hippoly.com\/sv\/wp-json\/wp\/v2\/pages"}],"about":[{"href":"https:\/\/www.hippoly.com\/sv\/wp-json\/wp\/v2\/types\/page"}],"author":[{"embeddable":true,"href":"https:\/\/www.hippoly.com\/sv\/wp-json\/wp\/v2\/users\/2"}],"replies":[{"embeddable":true,"href":"https:\/\/www.hippoly.com\/sv\/wp-json\/wp\/v2\/comments?post=4744"}],"version-history":[{"count":9,"href":"https:\/\/www.hippoly.com\/sv\/wp-json\/wp\/v2\/pages\/4744\/revisions"}],"predecessor-version":[{"id":4995,"href":"https:\/\/www.hippoly.com\/sv\/wp-json\/wp\/v2\/pages\/4744\/revisions\/4995"}],"up":[{"embeddable":true,"href":"https:\/\/www.hippoly.com\/sv\/wp-json\/wp\/v2\/pages\/4811"}],"wp:attachment":[{"href":"https:\/\/www.hippoly.com\/sv\/wp-json\/wp\/v2\/media?parent=4744"}],"curies":[{"name":"wp","href":"https:\/\/api.w.org\/{rel}","templated":true}]}}