{"id":7350,"date":"2024-03-27T18:36:20","date_gmt":"2024-03-27T17:36:20","guid":{"rendered":"https:\/\/www.hippoly.com\/?page_id=7350\/"},"modified":"2026-02-02T15:18:53","modified_gmt":"2026-02-02T14:18:53","slug":"priser","status":"publish","type":"page","link":"https:\/\/www.hippoly.com\/sv\/priser\/","title":{"rendered":"@Priser"},"content":{"rendered":"<p>Betala per m\u00e5nad, kvartal eller \u00e5r.<\/p>\n<div class=\"hero-button-wrapper\"><a class=\"button cta-section-btn-transparent\" style=\"max-width: 100%; background-color: transparent; border-style: solid; border-width: 2px; margin-top: 0;\" href=\"https:\/\/www.hippoly.com\/sv\/priser-foreningar\/\">Visa abonnemang f\u00f6r f\u00f6reningar<\/a><\/div>\n","protected":false},"excerpt":{"rendered":"<p>Betala per m\u00e5nad, kvartal eller \u00e5r. Visa abonnemang f\u00f6r f\u00f6reningar<\/p>\n","protected":false},"author":1,"featured_media":4680,"parent":0,"menu_order":0,"comment_status":"closed","ping_status":"closed","template":"page-builder2.php","meta":{"footnotes":""},"class_list":["post-7350","page","type-page","status-publish","has-post-thumbnail","hentry"],"_links":{"self":[{"href":"https:\/\/www.hippoly.com\/sv\/wp-json\/wp\/v2\/pages\/7350","targetHints":{"allow":["GET"]}}],"collection":[{"href":"https:\/\/www.hippoly.com\/sv\/wp-json\/wp\/v2\/pages"}],"about":[{"href":"https:\/\/www.hippoly.com\/sv\/wp-json\/wp\/v2\/types\/page"}],"author":[{"embeddable":true,"href":"https:\/\/www.hippoly.com\/sv\/wp-json\/wp\/v2\/users\/1"}],"replies":[{"embeddable":true,"href":"https:\/\/www.hippoly.com\/sv\/wp-json\/wp\/v2\/comments?post=7350"}],"version-history":[{"count":5,"href":"https:\/\/www.hippoly.com\/sv\/wp-json\/wp\/v2\/pages\/7350\/revisions"}],"predecessor-version":[{"id":10398,"href":"https:\/\/www.hippoly.com\/sv\/wp-json\/wp\/v2\/pages\/7350\/revisions\/10398"}],"wp:featuredmedia":[{"embeddable":true,"href":"https:\/\/www.hippoly.com\/sv\/wp-json\/wp\/v2\/media\/4680"}],"wp:attachment":[{"href":"https:\/\/www.hippoly.com\/sv\/wp-json\/wp\/v2\/media?parent=7350"}],"curies":[{"name":"wp","href":"https:\/\/api.w.org\/{rel}","templated":true}]}}